{"id":7,"date":"2022-06-13T20:19:44","date_gmt":"2022-06-13T18:19:44","guid":{"rendered":"https:\/\/poligon.piaskinadwisla.pl\/?page_id=7"},"modified":"2022-06-14T12:29:31","modified_gmt":"2022-06-14T10:29:31","slug":"poligon","status":"publish","type":"page","link":"https:\/\/poligon.piaskinadwisla.pl\/","title":{"rendered":"Poligon"},"content":{"rendered":"<header class=\"header text-white h-fullscreen pb-8 text-center text-lg-left\"  style=\"background-image: url(http:\/\/poligon.piaskinadwisla.pl\/wp-content\/uploads\/2022\/06\/silhouette-unrecognized-soldiers-with-rifle-walk-through-smoke.jpg);\">\n\t\n\t<div class=\"overlay opacity-55\" style=\"background-color: #000;\"><\/div>\n\t\n\t<div class=\"container h-100\">\n\t\t\n\t\t<div class=\"row h-100\">\n  <div class=\"col-lg-8 mx-auto align-self-center\">\n    <h1 class=\"display-3 fw-500\">Poligon Piaski Duchowne<\/h1>\n    <p class=\"lead-2 text-white mt-6 mb-8\"><strong>Piaski Duchowne<\/strong> profesjonalna przestrze\u0144 do szlifowania swoich umiej\u0119tno\u015bci<\/p>\n    <p class=\"gap-xy\">\n      <a class=\"btn btn-primary btn-lg btn-round\" href=\"#\" style=\"min-width: 200px;\"> Zarezerwuj termin <\/a>\n      <a class=\"btn btn-outline-light btn-lg btn-round\" href=\"#\" style=\"min-width: 200px;\"> cennik <\/a>\n    <\/p>\n  <\/div>\n<\/div>\n\t<\/div>\n<\/header>\n\n<section class=\"section\"  style=\"background-color: #f9fafa;\">\n\t\n\t\n\t\n\t<div class=\"container\">\n\t\t<header class=\"section-header\"><small>Poligon Piaski Duchowne<\/small><h2>Cennik naszych us\u0142ug<\/h2><hr><p class=\"lead\">opis do cennika<\/p><\/header>\n\t\t<div class=\"row gap-y\">\n  <div class=\"col-md-6 col-lg-4 mx-auto\">\n  <div class=\"pricing-3\">\n    <h6 class=\"plan-name\">1,5 h gry 1 osoba<\/h6>\n    <h2 class=\"price\">60 z\u0142<\/h2>\n    <div>3 gry po 20 min z przerwami<br>max 10 os\u00f3b<br>co\u015b jeszcze<\/div>\n    <br>\n    <a class=\"btn btn-outline-primary btn-md btn-round\" href=\"#\" style=\"min-width: 200px;\"> Get Started <\/a>\n  <\/div>\n<\/div><div class=\"col-md-6 col-lg-4 mx-auto\">\n  <div class=\"pricing-3\">\n    <h6 class=\"plan-name\">1,5 h ca\u0142a grupa<\/h6>\n    <h2 class=\"price\">500 z\u0142<\/h2>\n    <div>Grupa max 10 os\u00f3b<br>gry + przerwy = 1,5h<br>otwarte 8.00-20.00<\/div>\n    <br>\n    <a class=\"btn btn-primary btn-md btn-round\" href=\"#\" style=\"min-width: 200px;\"> Get Started <\/a>\n  <\/div>\n<\/div><div class=\"col-md-6 col-lg-4 mx-auto\">\n  <div class=\"pricing-3\">\n    <h6 class=\"plan-name\">1,5 h wynaj\u0119cie poligonu<\/h6>\n    <h2 class=\"price\">0 z\u0142<\/h2>\n    <div>Na wynaj\u0119tym poligonie korzystacie z w\u0142asnego sprz\u0119tu<br>otwarte 24\/7<\/div>\n    <br>\n    <a class=\"btn btn-outline-primary btn-md btn-round\" href=\"#\" style=\"min-width: 200px;\"> Get Started <\/a>\n  <\/div>\n<\/div>\n<\/div>\n\t<\/div>\n<\/section>","protected":false},"excerpt":{"rendered":"","protected":false},"author":1,"featured_media":0,"parent":0,"menu_order":0,"comment_status":"closed","ping_status":"closed","template":"","meta":{"footnotes":""},"class_list":["post-7","page","type-page","status-publish","hentry"],"_links":{"self":[{"href":"https:\/\/poligon.piaskinadwisla.pl\/index.php\/wp-json\/wp\/v2\/pages\/7","targetHints":{"allow":["GET"]}}],"collection":[{"href":"https:\/\/poligon.piaskinadwisla.pl\/index.php\/wp-json\/wp\/v2\/pages"}],"about":[{"href":"https:\/\/poligon.piaskinadwisla.pl\/index.php\/wp-json\/wp\/v2\/types\/page"}],"author":[{"embeddable":true,"href":"https:\/\/poligon.piaskinadwisla.pl\/index.php\/wp-json\/wp\/v2\/users\/1"}],"replies":[{"embeddable":true,"href":"https:\/\/poligon.piaskinadwisla.pl\/index.php\/wp-json\/wp\/v2\/comments?post=7"}],"version-history":[{"count":5,"href":"https:\/\/poligon.piaskinadwisla.pl\/index.php\/wp-json\/wp\/v2\/pages\/7\/revisions"}],"predecessor-version":[{"id":54,"href":"https:\/\/poligon.piaskinadwisla.pl\/index.php\/wp-json\/wp\/v2\/pages\/7\/revisions\/54"}],"wp:attachment":[{"href":"https:\/\/poligon.piaskinadwisla.pl\/index.php\/wp-json\/wp\/v2\/media?parent=7"}],"curies":[{"name":"wp","href":"https:\/\/api.w.org\/{rel}","templated":true}]}}